{"id":29,"date":"2014-09-14T11:47:40","date_gmt":"2014-09-14T09:47:40","guid":{"rendered":"http:\/\/atwrk.phae.eu\/?page_id=29"},"modified":"2015-04-13T14:08:08","modified_gmt":"2015-04-13T13:08:08","slug":"licence","status":"publish","type":"page","link":"https:\/\/atwrk.phae.eu\/?page_id=29","title":{"rendered":"licence"},"content":{"rendered":"<p><a href=\"http:\/\/creativecommons.org\/licenses\/by-sa\/4.0\/\" rel=\"license\"><img decoding=\"async\" style=\"border-width: 0;\" src=\"https:\/\/i.creativecommons.org\/l\/by-sa\/4.0\/88x31.png\" alt=\"Licence Creative Commons\" \/><\/a><br \/>\nSauf mention attribuant \u00e0 un autre auteur, l&rsquo;ensemble ATWRK figurant sur ce site est une \u0153uvre (textes, images, sons, etc&#8230;) de <a href=\"https:\/\/atwrk.phae.eu\" rel=\"cc:attributionURL\">Rapha\u00ebl Ilias<\/a> et est mise \u00e0 disposition selon les termes de la <a href=\"http:\/\/creativecommons.org\/licenses\/by-sa\/4.0\/\" rel=\"license\">licence Creative Commons Attribution &#8211; Partage dans les M\u00eames Conditions 4.0 International<\/a>.<\/p>\n","protected":false},"excerpt":{"rendered":"<p>Sauf mention attribuant \u00e0 un autre auteur, l&rsquo;ensemble ATWRK figurant sur ce site est une \u0153uvre (textes, images, sons, etc&#8230;) de Rapha\u00ebl Ilias et est mise \u00e0 disposition selon les termes de la licence Creative Commons Attribution &#8211; Partage dans les M\u00eames Conditions 4.0 International.<\/p>\n","protected":false},"author":1,"featured_media":0,"parent":0,"menu_order":0,"comment_status":"closed","ping_status":"closed","template":"","meta":[],"_links":{"self":[{"href":"https:\/\/atwrk.phae.eu\/index.php?rest_route=\/wp\/v2\/pages\/29"}],"collection":[{"href":"https:\/\/atwrk.phae.eu\/index.php?rest_route=\/wp\/v2\/pages"}],"about":[{"href":"https:\/\/atwrk.phae.eu\/index.php?rest_route=\/wp\/v2\/types\/page"}],"author":[{"embeddable":true,"href":"https:\/\/atwrk.phae.eu\/index.php?rest_route=\/wp\/v2\/users\/1"}],"replies":[{"embeddable":true,"href":"https:\/\/atwrk.phae.eu\/index.php?rest_route=%2Fwp%2Fv2%2Fcomments&post=29"}],"version-history":[{"count":2,"href":"https:\/\/atwrk.phae.eu\/index.php?rest_route=\/wp\/v2\/pages\/29\/revisions"}],"predecessor-version":[{"id":317,"href":"https:\/\/atwrk.phae.eu\/index.php?rest_route=\/wp\/v2\/pages\/29\/revisions\/317"}],"wp:attachment":[{"href":"https:\/\/atwrk.phae.eu\/index.php?rest_route=%2Fwp%2Fv2%2Fmedia&parent=29"}],"curies":[{"name":"wp","href":"https:\/\/api.w.org\/{rel}","templated":true}]}}